{"id":40,"date":"2021-03-10T09:29:15","date_gmt":"2021-03-10T09:29:15","guid":{"rendered":"https:\/\/apusthemes.com\/wp-demo\/superio\/?page_id=40"},"modified":"2026-02-09T14:51:14","modified_gmt":"2026-02-09T14:51:14","slug":"about","status":"publish","type":"page","link":"https:\/\/pro-personal.com\/?page_id=40","title":{"rendered":"\u00dcber uns"},"content":{"rendered":"\t\t<div data-elementor-type=\"wp-page\" data-elementor-id=\"40\" class=\"elementor elementor-40\" data-elementor-post-type=\"page\">\n\t\t\t\t\t\t<section class=\"elementor-section elementor-top-section elementor-element elementor-element-9488ef4 elementor-section-stretched elementor-section-boxed elementor-section-height-default elementor-section-height-default\" data-id=\"9488ef4\" data-element_type=\"section\" data-e-type=\"section\" data-settings=\"{&quot;stretch_section&quot;:&quot;section-stretched&quot;}\">\n\t\t\t\t\t\t<div class=\"elementor-container elementor-column-gap-narrow\">\n\t\t\t\t\t<div class=\"elementor-column elementor-col-25 elementor-top-column elementor-element elementor-element-bb09123\" data-id=\"bb09123\" data-element_type=\"column\" data-e-type=\"column\">\n\t\t\t<div class=\"elementor-widget-wrap elementor-element-populated\">\n\t\t\t\t\t\t<div class=\"elementor-element elementor-element-d7f888e elementor-widget__width-initial elementor-widget elementor-widget-image\" data-id=\"d7f888e\" data-element_type=\"widget\" data-e-type=\"widget\" data-widget_type=\"image.default\">\n\t\t\t\t\t\t\t\t\t\t\t\t\t\t\t\t<a href=\"https:\/\/pro-personal.com\/wp-content\/uploads\/2026\/02\/Ulash-1.jpeg\" data-elementor-open-lightbox=\"yes\" data-elementor-lightbox-title=\"Ulash\" data-e-action-hash=\"#elementor-action%3Aaction%3Dlightbox%26settings%3DeyJpZCI6OTAyNSwidXJsIjoiaHR0cHM6XC9cL3Byby1wZXJzb25hbC5jb21cL3dwLWNvbnRlbnRcL3VwbG9hZHNcLzIwMjZcLzAyXC9VbGFzaC0xLmpwZWcifQ%3D%3D\">\n\t\t\t\t\t\t\t<img fetchpriority=\"high\" decoding=\"async\" width=\"1024\" height=\"1536\" src=\"https:\/\/pro-personal.com\/wp-content\/uploads\/2026\/02\/Ulash-1.jpeg\" class=\"attachment-full size-full wp-image-9025\" alt=\"\" srcset=\"https:\/\/pro-personal.com\/wp-content\/uploads\/2026\/02\/Ulash-1.jpeg 1024w, https:\/\/pro-personal.com\/wp-content\/uploads\/2026\/02\/Ulash-1-200x300.jpeg 200w, https:\/\/pro-personal.com\/wp-content\/uploads\/2026\/02\/Ulash-1-683x1024.jpeg 683w, https:\/\/pro-personal.com\/wp-content\/uploads\/2026\/02\/Ulash-1-768x1152.jpeg 768w\" sizes=\"(max-width: 1024px) 100vw, 1024px\" \/>\t\t\t\t\t\t\t\t<\/a>\n\t\t\t\t\t\t\t\t\t\t\t\t\t\t\t<\/div>\n\t\t\t\t\t<\/div>\n\t\t<\/div>\n\t\t\t\t<div class=\"elementor-column elementor-col-25 elementor-top-column elementor-element elementor-element-00c8e70\" data-id=\"00c8e70\" data-element_type=\"column\" data-e-type=\"column\">\n\t\t\t<div class=\"elementor-widget-wrap elementor-element-populated\">\n\t\t\t\t\t\t<div class=\"elementor-element elementor-element-8770b90 elementor-widget elementor-widget-image\" data-id=\"8770b90\" data-element_type=\"widget\" data-e-type=\"widget\" data-widget_type=\"image.default\">\n\t\t\t\t\t\t\t\t\t\t\t\t\t\t\t\t<a href=\"https:\/\/apusthemes.com\/wp-demo\/superio\/wp-content\/uploads\/2021\/03\/g5.jpg\" data-elementor-open-lightbox=\"yes\" data-elementor-lightbox-title=\"g5\" data-e-action-hash=\"#elementor-action%3Aaction%3Dlightbox%26settings%3DeyJpZCI6ODYyLCJ1cmwiOiJodHRwczpcL1wvcHJvLXBlcnNvbmFsLmNvbVwvd3AtY29udGVudFwvdXBsb2Fkc1wvMjAyMVwvMDNcL2c1LmpwZyJ9\">\n\t\t\t\t\t\t\t<img decoding=\"async\" width=\"315\" height=\"150\" src=\"https:\/\/pro-personal.com\/wp-content\/uploads\/2021\/03\/g5.jpg\" class=\"attachment-full size-full wp-image-862\" alt=\"\" srcset=\"https:\/\/pro-personal.com\/wp-content\/uploads\/2021\/03\/g5.jpg 315w, https:\/\/pro-personal.com\/wp-content\/uploads\/2021\/03\/g5-300x143.jpg 300w\" sizes=\"(max-width: 315px) 100vw, 315px\" \/>\t\t\t\t\t\t\t\t<\/a>\n\t\t\t\t\t\t\t\t\t\t\t\t\t\t\t<\/div>\n\t\t\t\t<div class=\"elementor-element elementor-element-b248e7d elementor-widget__width-initial elementor-widget elementor-widget-image\" data-id=\"b248e7d\" data-element_type=\"widget\" data-e-type=\"widget\" data-widget_type=\"image.default\">\n\t\t\t\t\t\t\t\t\t\t\t\t\t\t\t\t<a href=\"https:\/\/pro-personal.com\/wp-content\/uploads\/2021\/11\/h134.jpg\" data-elementor-open-lightbox=\"yes\" data-elementor-lightbox-title=\"h134\" data-e-action-hash=\"#elementor-action%3Aaction%3Dlightbox%26settings%3DeyJpZCI6NTIyNSwidXJsIjoiaHR0cHM6XC9cL3Byby1wZXJzb25hbC5jb21cL3dwLWNvbnRlbnRcL3VwbG9hZHNcLzIwMjFcLzExXC9oMTM0LmpwZyJ9\">\n\t\t\t\t\t\t\t<img decoding=\"async\" width=\"570\" height=\"558\" src=\"https:\/\/pro-personal.com\/wp-content\/uploads\/2021\/11\/h134.jpg\" class=\"attachment-full size-full wp-image-5225\" alt=\"\" srcset=\"https:\/\/pro-personal.com\/wp-content\/uploads\/2021\/11\/h134.jpg 570w, https:\/\/pro-personal.com\/wp-content\/uploads\/2021\/11\/h134-300x294.jpg 300w\" sizes=\"(max-width: 570px) 100vw, 570px\" \/>\t\t\t\t\t\t\t\t<\/a>\n\t\t\t\t\t\t\t\t\t\t\t\t\t\t\t<\/div>\n\t\t\t\t\t<\/div>\n\t\t<\/div>\n\t\t\t\t<div class=\"elementor-column elementor-col-25 elementor-top-column elementor-element elementor-element-9af2fcf\" data-id=\"9af2fcf\" data-element_type=\"column\" data-e-type=\"column\">\n\t\t\t<div class=\"elementor-widget-wrap elementor-element-populated\">\n\t\t\t\t\t\t<div class=\"elementor-element elementor-element-29e5317 elementor-widget elementor-widget-image\" data-id=\"29e5317\" data-element_type=\"widget\" data-e-type=\"widget\" data-widget_type=\"image.default\">\n\t\t\t\t\t\t\t\t\t\t\t\t\t\t\t\t<a href=\"https:\/\/apusthemes.com\/wp-demo\/superio\/wp-content\/uploads\/2021\/03\/g4.jpg\" data-elementor-open-lightbox=\"yes\" data-elementor-lightbox-title=\"g4\" data-e-action-hash=\"#elementor-action%3Aaction%3Dlightbox%26settings%3DeyJpZCI6ODYxLCJ1cmwiOiJodHRwczpcL1wvcHJvLXBlcnNvbmFsLmNvbVwvd3AtY29udGVudFwvdXBsb2Fkc1wvMjAyMVwvMDNcL2c0LmpwZyJ9\">\n\t\t\t\t\t\t\t<img loading=\"lazy\" decoding=\"async\" width=\"315\" height=\"220\" src=\"https:\/\/pro-personal.com\/wp-content\/uploads\/2021\/03\/g4.jpg\" class=\"attachment-full size-full wp-image-861\" alt=\"\" srcset=\"https:\/\/pro-personal.com\/wp-content\/uploads\/2021\/03\/g4.jpg 315w, https:\/\/pro-personal.com\/wp-content\/uploads\/2021\/03\/g4-300x210.jpg 300w\" sizes=\"(max-width: 315px) 100vw, 315px\" \/>\t\t\t\t\t\t\t\t<\/a>\n\t\t\t\t\t\t\t\t\t\t\t\t\t\t\t<\/div>\n\t\t\t\t<div class=\"elementor-element elementor-element-8c57bfa elementor-widget__width-initial elementor-widget elementor-widget-image\" data-id=\"8c57bfa\" data-element_type=\"widget\" data-e-type=\"widget\" data-widget_type=\"image.default\">\n\t\t\t\t\t\t\t\t\t\t\t\t\t\t\t\t<a href=\"https:\/\/pro-personal.com\/wp-content\/uploads\/2023\/07\/h18-banner2.jpg\" data-elementor-open-lightbox=\"yes\" data-elementor-lightbox-title=\"h18-banner2\" data-e-action-hash=\"#elementor-action%3Aaction%3Dlightbox%26settings%3DeyJpZCI6NzE0NywidXJsIjoiaHR0cHM6XC9cL3Byby1wZXJzb25hbC5jb21cL3dwLWNvbnRlbnRcL3VwbG9hZHNcLzIwMjNcLzA3XC9oMTgtYmFubmVyMi5qcGcifQ%3D%3D\">\n\t\t\t\t\t\t\t<img loading=\"lazy\" decoding=\"async\" width=\"630\" height=\"500\" src=\"https:\/\/pro-personal.com\/wp-content\/uploads\/2023\/07\/h18-banner2.jpg\" class=\"attachment-full size-full wp-image-7147\" alt=\"\" srcset=\"https:\/\/pro-personal.com\/wp-content\/uploads\/2023\/07\/h18-banner2.jpg 630w, https:\/\/pro-personal.com\/wp-content\/uploads\/2023\/07\/h18-banner2-300x238.jpg 300w, https:\/\/pro-personal.com\/wp-content\/uploads\/2023\/07\/h18-banner2-600x476.jpg 600w\" sizes=\"(max-width: 630px) 100vw, 630px\" \/>\t\t\t\t\t\t\t\t<\/a>\n\t\t\t\t\t\t\t\t\t\t\t\t\t\t\t<\/div>\n\t\t\t\t\t<\/div>\n\t\t<\/div>\n\t\t\t\t<div class=\"elementor-column elementor-col-25 elementor-top-column elementor-element elementor-element-4458324\" data-id=\"4458324\" data-element_type=\"column\" data-e-type=\"column\">\n\t\t\t<div class=\"elementor-widget-wrap elementor-element-populated\">\n\t\t\t\t\t\t<div class=\"elementor-element elementor-element-09df5c9 elementor-widget__width-initial elementor-widget elementor-widget-image\" data-id=\"09df5c9\" data-element_type=\"widget\" data-e-type=\"widget\" data-widget_type=\"image.default\">\n\t\t\t\t\t\t\t\t\t\t\t\t\t\t\t\t<a href=\"https:\/\/pro-personal.com\/wp-content\/uploads\/2026\/02\/Oelem.jpeg\" data-elementor-open-lightbox=\"yes\" data-elementor-lightbox-title=\"\u00d6lem\" data-e-action-hash=\"#elementor-action%3Aaction%3Dlightbox%26settings%3DeyJpZCI6ODk0NiwidXJsIjoiaHR0cHM6XC9cL3Byby1wZXJzb25hbC5jb21cL3dwLWNvbnRlbnRcL3VwbG9hZHNcLzIwMjZcLzAyXC9PZWxlbS5qcGVnIn0%3D\">\n\t\t\t\t\t\t\t<img loading=\"lazy\" decoding=\"async\" width=\"660\" height=\"990\" src=\"https:\/\/pro-personal.com\/wp-content\/uploads\/2026\/02\/Oelem-768x1152.jpeg\" class=\"attachment-medium_large size-medium_large wp-image-8946\" alt=\"\" srcset=\"https:\/\/pro-personal.com\/wp-content\/uploads\/2026\/02\/Oelem-768x1152.jpeg 768w, https:\/\/pro-personal.com\/wp-content\/uploads\/2026\/02\/Oelem-200x300.jpeg 200w, https:\/\/pro-personal.com\/wp-content\/uploads\/2026\/02\/Oelem-683x1024.jpeg 683w, https:\/\/pro-personal.com\/wp-content\/uploads\/2026\/02\/Oelem.jpeg 1024w\" sizes=\"(max-width: 660px) 100vw, 660px\" \/>\t\t\t\t\t\t\t\t<\/a>\n\t\t\t\t\t\t\t\t\t\t\t\t\t\t\t<\/div>\n\t\t\t\t\t<\/div>\n\t\t<\/div>\n\t\t\t\t\t<\/div>\n\t\t<\/section>\n\t\t\t\t<section class=\"elementor-section elementor-top-section elementor-element elementor-element-b349c76 elementor-section-stretched elementor-section-boxed elementor-section-height-default elementor-section-height-default\" data-id=\"b349c76\" data-element_type=\"section\" data-e-type=\"section\" data-settings=\"{&quot;stretch_section&quot;:&quot;section-stretched&quot;}\">\n\t\t\t\t\t\t<div class=\"elementor-container elementor-column-gap-extended\">\n\t\t\t\t\t<div class=\"elementor-column elementor-col-100 elementor-top-column elementor-element elementor-element-1d99470\" data-id=\"1d99470\" data-element_type=\"column\" data-e-type=\"column\">\n\t\t\t<div class=\"elementor-widget-wrap elementor-element-populated\">\n\t\t\t\t\t\t<div class=\"elementor-element elementor-element-d42aa63 elementor-widget elementor-widget-heading\" data-id=\"d42aa63\" data-element_type=\"widget\" data-e-type=\"widget\" data-widget_type=\"heading.default\">\n\t\t\t\t\t<h2 class=\"elementor-heading-title elementor-size-default\">\u00dcber Uns<\/h2>\t\t\t\t<\/div>\n\t\t\t\t<div class=\"elementor-element elementor-element-455cbd6 elementor-widget__width-initial elementor-widget elementor-widget-text-editor\" data-id=\"455cbd6\" data-element_type=\"widget\" data-e-type=\"widget\" data-widget_type=\"text-editor.default\">\n\t\t\t\t\t\t\t\t\t<p class=\"font-claude-response-body break-words whitespace-normal leading-[1.7]\"><strong>Wer wir sind \u2013 und warum wir tun, was wir tun<\/strong><\/p><p class=\"font-claude-response-body break-words whitespace-normal leading-[1.7]\">Ulas Ilhan und Saban Gezer \u2013 zwei Namen, eine Leidenschaft: Menschen und Unternehmen zusammenzubringen.<\/p><p class=\"font-claude-response-body break-words whitespace-normal leading-[1.7]\">Unsere Geschichte begann in der Personaldienstleistungsbranche, wo wir \u00fcber Jahre hinweg erlebten, wie gerade kleine und mittelst\u00e4ndische Unternehmen im Wettbewerb um Fachkr\u00e4fte oft das Nachsehen haben. Zu wenig Zeit, zu wenig Ressourcen, zu wenig Reichweite \u2013 aber genauso viel Potenzial wie die Gro\u00dfen.<\/p><p class=\"font-claude-response-body break-words whitespace-normal leading-[1.7]\">Das wollten wir \u00e4ndern.<\/p><p class=\"font-claude-response-body break-words whitespace-normal leading-[1.7]\">Deshalb haben wir ProPersonal Point gegr\u00fcndet: Eine Personaldienstleistung, die KMU genau die Unterst\u00fctzung bietet, die sie brauchen \u2013 pers\u00f6nlich, flexibel und auf Augenh\u00f6he.<\/p><p class=\"font-claude-response-body break-words whitespace-normal leading-[1.7]\"><strong>Was uns antreibt:<\/strong> Die \u00dcberzeugung, dass jedes Unternehmen die Mitarbeiter verdient, die es weiterbringen. Und dass jeder Bewerber die Chance verdient, in einem Unternehmen zu arbeiten, das wirklich zu ihm passt.<\/p><p class=\"font-claude-response-body break-words whitespace-normal leading-[1.7]\"><strong>Was uns unterscheidet:<\/strong> Wir sind keine gesichtslose Agentur. Wenn Sie mit uns arbeiten, arbeiten Sie mit Ulash und Saban \u2013 direkt, pers\u00f6nlich, verbindlich. Wir h\u00f6ren zu, verstehen Ihre Situation und finden L\u00f6sungen, die wirklich funktionieren.<\/p><p class=\"font-claude-response-body break-words whitespace-normal leading-[1.7]\">Mit mehrj\u00e4hriger Erfahrung, einem breiten Netzwerk und der Energie eines Startups sind wir Ihr Partner f\u00fcr Personalvermittlung &amp; Zeitarbeit, Active Sourcing &amp; Direktansprache, Beratung in allen HR-Fragen und die schnelle Besetzung von Vakanzen.<\/p><p class=\"font-claude-response-body break-words whitespace-normal leading-[1.7]\"><strong>Unser Ziel:<\/strong> Nicht die gr\u00f6\u00dfte Personaldienstleistung zu sein \u2013 sondern die beste f\u00fcr unsere Kunden.<\/p>\t\t\t\t\t\t\t\t<\/div>\n\t\t\t\t\t<\/div>\n\t\t<\/div>\n\t\t\t\t\t<\/div>\n\t\t<\/section>\n\t\t\t\t<\/div>\n\t\t","protected":false},"excerpt":{"rendered":"<p>\u00dcber Uns Wer wir sind \u2013 und warum wir tun, was wir tun Ulas Ilhan und Saban Gezer \u2013 zwei Namen, eine Leidenschaft: Menschen und Unternehmen zusammenzubringen. Unsere Geschichte begann in der Personaldienstleistungsbranche, wo wir \u00fcber Jahre hinweg erlebten, wie gerade kleine und mittelst\u00e4ndische Unternehmen im Wettbewerb um Fachkr\u00e4fte oft das Nachsehen haben. Zu wenig [&hellip;]<\/p>\n","protected":false},"author":1,"featured_media":0,"parent":0,"menu_order":0,"comment_status":"closed","ping_status":"closed","template":"","meta":{"footnotes":""},"class_list":["post-40","page","type-page","status-publish","hentry"],"yoast_head":"<!-- This site is optimized with the Yoast SEO Premium plugin v26.8 (Yoast SEO v26.9) - https:\/\/yoast.com\/product\/yoast-seo-premium-wordpress\/ -->\n<title>\u00dcber uns - ProPersonal Point<\/title>\n<meta name=\"robots\" content=\"index, follow, max-snippet:-1, max-image-preview:large, max-video-preview:-1\" \/>\n<link rel=\"canonical\" href=\"https:\/\/pro-personal.com\/?page_id=40\" \/>\n<meta property=\"og:locale\" content=\"de_DE\" \/>\n<meta property=\"og:type\" content=\"article\" \/>\n<meta property=\"og:title\" content=\"\u00dcber uns\" \/>\n<meta property=\"og:description\" content=\"\u00dcber Uns Wer wir sind \u2013 und warum wir tun, was wir tun Ulas Ilhan und Saban Gezer \u2013 zwei Namen, eine Leidenschaft: Menschen und Unternehmen zusammenzubringen. Unsere Geschichte begann in der Personaldienstleistungsbranche, wo wir \u00fcber Jahre hinweg erlebten, wie gerade kleine und mittelst\u00e4ndische Unternehmen im Wettbewerb um Fachkr\u00e4fte oft das Nachsehen haben. Zu wenig [&hellip;]\" \/>\n<meta property=\"og:url\" content=\"https:\/\/pro-personal.com\/?page_id=40\" \/>\n<meta property=\"og:site_name\" content=\"ProPersonal Point\" \/>\n<meta property=\"article:modified_time\" content=\"2026-02-09T14:51:14+00:00\" \/>\n<meta property=\"og:image\" content=\"https:\/\/pro-personal.com\/wp-content\/uploads\/2026\/02\/Ulash-1.jpeg\" \/>\n\t<meta property=\"og:image:width\" content=\"1024\" \/>\n\t<meta property=\"og:image:height\" content=\"1536\" \/>\n\t<meta property=\"og:image:type\" content=\"image\/jpeg\" \/>\n<meta name=\"twitter:card\" content=\"summary_large_image\" \/>\n<meta name=\"twitter:label1\" content=\"Gesch\u00e4tzte Lesezeit\" \/>\n\t<meta name=\"twitter:data1\" content=\"3\u00a0Minuten\" \/>\n<script type=\"application\/ld+json\" class=\"yoast-schema-graph\">{\"@context\":\"https:\/\/schema.org\",\"@graph\":[{\"@type\":\"WebPage\",\"@id\":\"https:\/\/pro-personal.com\/?page_id=40\",\"url\":\"https:\/\/pro-personal.com\/?page_id=40\",\"name\":\"\u00dcber uns - ProPersonal Point\",\"isPartOf\":{\"@id\":\"https:\/\/pro-personal.com\/#website\"},\"primaryImageOfPage\":{\"@id\":\"https:\/\/pro-personal.com\/?page_id=40#primaryimage\"},\"image\":{\"@id\":\"https:\/\/pro-personal.com\/?page_id=40#primaryimage\"},\"thumbnailUrl\":\"https:\/\/pro-personal.com\/wp-content\/uploads\/2026\/02\/Ulash-1.jpeg\",\"datePublished\":\"2021-03-10T09:29:15+00:00\",\"dateModified\":\"2026-02-09T14:51:14+00:00\",\"breadcrumb\":{\"@id\":\"https:\/\/pro-personal.com\/?page_id=40#breadcrumb\"},\"inLanguage\":\"de\",\"potentialAction\":[{\"@type\":\"ReadAction\",\"target\":[\"https:\/\/pro-personal.com\/?page_id=40\"]}]},{\"@type\":\"ImageObject\",\"inLanguage\":\"de\",\"@id\":\"https:\/\/pro-personal.com\/?page_id=40#primaryimage\",\"url\":\"https:\/\/pro-personal.com\/wp-content\/uploads\/2026\/02\/Ulash-1.jpeg\",\"contentUrl\":\"https:\/\/pro-personal.com\/wp-content\/uploads\/2026\/02\/Ulash-1.jpeg\"},{\"@type\":\"BreadcrumbList\",\"@id\":\"https:\/\/pro-personal.com\/?page_id=40#breadcrumb\",\"itemListElement\":[{\"@type\":\"ListItem\",\"position\":1,\"name\":\"Start\",\"item\":\"https:\/\/pro-personal.com\/\"},{\"@type\":\"ListItem\",\"position\":2,\"name\":\"\u00dcber uns\"}]},{\"@type\":\"WebSite\",\"@id\":\"https:\/\/pro-personal.com\/#website\",\"url\":\"https:\/\/pro-personal.com\/\",\"name\":\"ProPersonal Point\",\"description\":\"Arbeitnehmer\u00fcberlassung - Personalvermittlung\",\"publisher\":{\"@id\":\"https:\/\/pro-personal.com\/#organization\"},\"potentialAction\":[{\"@type\":\"SearchAction\",\"target\":{\"@type\":\"EntryPoint\",\"urlTemplate\":\"https:\/\/pro-personal.com\/?s={search_term_string}\"},\"query-input\":{\"@type\":\"PropertyValueSpecification\",\"valueRequired\":true,\"valueName\":\"search_term_string\"}}],\"inLanguage\":\"de\"},{\"@type\":\"Organization\",\"@id\":\"https:\/\/pro-personal.com\/#organization\",\"name\":\"ProPersonal Point UG\",\"alternateName\":\"ProPersonal Point UG\",\"url\":\"https:\/\/pro-personal.com\/\",\"logo\":{\"@type\":\"ImageObject\",\"inLanguage\":\"de\",\"@id\":\"https:\/\/pro-personal.com\/#\/schema\/logo\/image\/\",\"url\":\"https:\/\/pro-personal.com\/wp-content\/uploads\/2021\/03\/logo.schriftzug.svg\",\"contentUrl\":\"https:\/\/pro-personal.com\/wp-content\/uploads\/2021\/03\/logo.schriftzug.svg\",\"caption\":\"ProPersonal Point UG\"},\"image\":{\"@id\":\"https:\/\/pro-personal.com\/#\/schema\/logo\/image\/\"},\"publishingPrinciples\":\"https:\/\/pro-personal.com\/?page_id=38\",\"ethicsPolicy\":\"https:\/\/pro-personal.com\/?page_id=3\",\"diversityPolicy\":\"https:\/\/pro-personal.com\/?page_id=3\",\"diversityStaffingReport\":\"https:\/\/pro-personal.com\/?page_id=3\"}]}<\/script>\n<!-- \/ Yoast SEO Premium plugin. -->","yoast_head_json":{"title":"\u00dcber uns - ProPersonal Point","robots":{"index":"index","follow":"follow","max-snippet":"max-snippet:-1","max-image-preview":"max-image-preview:large","max-video-preview":"max-video-preview:-1"},"canonical":"https:\/\/pro-personal.com\/?page_id=40","og_locale":"de_DE","og_type":"article","og_title":"\u00dcber uns","og_description":"\u00dcber Uns Wer wir sind \u2013 und warum wir tun, was wir tun Ulas Ilhan und Saban Gezer \u2013 zwei Namen, eine Leidenschaft: Menschen und Unternehmen zusammenzubringen. Unsere Geschichte begann in der Personaldienstleistungsbranche, wo wir \u00fcber Jahre hinweg erlebten, wie gerade kleine und mittelst\u00e4ndische Unternehmen im Wettbewerb um Fachkr\u00e4fte oft das Nachsehen haben. Zu wenig [&hellip;]","og_url":"https:\/\/pro-personal.com\/?page_id=40","og_site_name":"ProPersonal Point","article_modified_time":"2026-02-09T14:51:14+00:00","og_image":[{"width":1024,"height":1536,"url":"https:\/\/pro-personal.com\/wp-content\/uploads\/2026\/02\/Ulash-1.jpeg","type":"image\/jpeg"}],"twitter_card":"summary_large_image","twitter_misc":{"Gesch\u00e4tzte Lesezeit":"3\u00a0Minuten"},"schema":{"@context":"https:\/\/schema.org","@graph":[{"@type":"WebPage","@id":"https:\/\/pro-personal.com\/?page_id=40","url":"https:\/\/pro-personal.com\/?page_id=40","name":"\u00dcber uns - ProPersonal Point","isPartOf":{"@id":"https:\/\/pro-personal.com\/#website"},"primaryImageOfPage":{"@id":"https:\/\/pro-personal.com\/?page_id=40#primaryimage"},"image":{"@id":"https:\/\/pro-personal.com\/?page_id=40#primaryimage"},"thumbnailUrl":"https:\/\/pro-personal.com\/wp-content\/uploads\/2026\/02\/Ulash-1.jpeg","datePublished":"2021-03-10T09:29:15+00:00","dateModified":"2026-02-09T14:51:14+00:00","breadcrumb":{"@id":"https:\/\/pro-personal.com\/?page_id=40#breadcrumb"},"inLanguage":"de","potentialAction":[{"@type":"ReadAction","target":["https:\/\/pro-personal.com\/?page_id=40"]}]},{"@type":"ImageObject","inLanguage":"de","@id":"https:\/\/pro-personal.com\/?page_id=40#primaryimage","url":"https:\/\/pro-personal.com\/wp-content\/uploads\/2026\/02\/Ulash-1.jpeg","contentUrl":"https:\/\/pro-personal.com\/wp-content\/uploads\/2026\/02\/Ulash-1.jpeg"},{"@type":"BreadcrumbList","@id":"https:\/\/pro-personal.com\/?page_id=40#breadcrumb","itemListElement":[{"@type":"ListItem","position":1,"name":"Start","item":"https:\/\/pro-personal.com\/"},{"@type":"ListItem","position":2,"name":"\u00dcber uns"}]},{"@type":"WebSite","@id":"https:\/\/pro-personal.com\/#website","url":"https:\/\/pro-personal.com\/","name":"ProPersonal Point","description":"Arbeitnehmer\u00fcberlassung - Personalvermittlung","publisher":{"@id":"https:\/\/pro-personal.com\/#organization"},"potentialAction":[{"@type":"SearchAction","target":{"@type":"EntryPoint","urlTemplate":"https:\/\/pro-personal.com\/?s={search_term_string}"},"query-input":{"@type":"PropertyValueSpecification","valueRequired":true,"valueName":"search_term_string"}}],"inLanguage":"de"},{"@type":"Organization","@id":"https:\/\/pro-personal.com\/#organization","name":"ProPersonal Point UG","alternateName":"ProPersonal Point UG","url":"https:\/\/pro-personal.com\/","logo":{"@type":"ImageObject","inLanguage":"de","@id":"https:\/\/pro-personal.com\/#\/schema\/logo\/image\/","url":"https:\/\/pro-personal.com\/wp-content\/uploads\/2021\/03\/logo.schriftzug.svg","contentUrl":"https:\/\/pro-personal.com\/wp-content\/uploads\/2021\/03\/logo.schriftzug.svg","caption":"ProPersonal Point UG"},"image":{"@id":"https:\/\/pro-personal.com\/#\/schema\/logo\/image\/"},"publishingPrinciples":"https:\/\/pro-personal.com\/?page_id=38","ethicsPolicy":"https:\/\/pro-personal.com\/?page_id=3","diversityPolicy":"https:\/\/pro-personal.com\/?page_id=3","diversityStaffingReport":"https:\/\/pro-personal.com\/?page_id=3"}]}},"_links":{"self":[{"href":"https:\/\/pro-personal.com\/index.php?rest_route=\/wp\/v2\/pages\/40","targetHints":{"allow":["GET"]}}],"collection":[{"href":"https:\/\/pro-personal.com\/index.php?rest_route=\/wp\/v2\/pages"}],"about":[{"href":"https:\/\/pro-personal.com\/index.php?rest_route=\/wp\/v2\/types\/page"}],"author":[{"embeddable":true,"href":"https:\/\/pro-personal.com\/index.php?rest_route=\/wp\/v2\/users\/1"}],"replies":[{"embeddable":true,"href":"https:\/\/pro-personal.com\/index.php?rest_route=%2Fwp%2Fv2%2Fcomments&post=40"}],"version-history":[{"count":38,"href":"https:\/\/pro-personal.com\/index.php?rest_route=\/wp\/v2\/pages\/40\/revisions"}],"predecessor-version":[{"id":9034,"href":"https:\/\/pro-personal.com\/index.php?rest_route=\/wp\/v2\/pages\/40\/revisions\/9034"}],"wp:attachment":[{"href":"https:\/\/pro-personal.com\/index.php?rest_route=%2Fwp%2Fv2%2Fmedia&parent=40"}],"curies":[{"name":"wp","href":"https:\/\/api.w.org\/{rel}","templated":true}]}}